{"id":95,"date":"2020-01-09T21:20:26","date_gmt":"2020-01-09T20:20:26","guid":{"rendered":"http:\/\/prochaindefi.com\/?page_id=95"},"modified":"2023-06-16T20:09:47","modified_gmt":"2023-06-16T18:09:47","slug":"nous-soutenir","status":"publish","type":"page","link":"https:\/\/prochaindefi.com\/index.php\/nous-soutenir\/","title":{"rendered":"NOUS SOUTENIR"},"content":{"rendered":"\n<p><strong>Entreprises <\/strong>? N&#8217;h\u00e9sitez pas \u00e0 nous <a href=\"https:\/\/prochaindefi.com\/index.php\/contact\/\">contacter<\/a> pour toute demande de partenariat. <\/p>\n\n\n\n<p><strong>Campagne de c<\/strong>ollecte de fonds en cours pour la GRANDE TRAVERSEE DU VERCORS 2023, c&#8217;est bien ici.<\/p>\n\n\n\n<p>Cliquez sur le montant d\u00e9sir\u00e9 et le d\u00e9fi apparaitra. <\/p>\n\n\n\n<p>Indiquez en commentaire ou via chris@prochaindefi.com \u00e0 qui vous d\u00e9diez ce d\u00e9fi.<\/p>\n\n\n\n<p>On compte sur vous<\/p>\n\n\n<p><iframe id=\"haWidget\" allowtransparency=\"true\" scrolling=\"auto\" src=\"https:\/\/www.helloasso.com\/associations\/gaspard-et-au-dela\/formulaires\/2\/widget\" style=\"width: 100%; height: 750px; border: none;\"><\/iframe><\/p>\n\n\n\n<p><\/p>\n\n\n\n<p>Pour suivre le tableau des DEFIS (\u00e0 venir)<\/p>\n\n\n\n<p>Choisissez votre d\u00e9fi avant le 30 juin.<\/p>\n\n\n\n<div class=\"wp-block-columns is-layout-flex wp-container-core-columns-is-layout-9d6595d7 wp-block-columns-is-layout-flex\">\n<div class=\"wp-block-column is-layout-flow wp-block-column-is-layout-flow\" style=\"flex-basis:100%\">\n<div class=\"wp-block-columns is-layout-flex wp-container-core-columns-is-layout-9d6595d7 wp-block-columns-is-layout-flex\">\n<div class=\"wp-block-column is-layout-flow wp-block-column-is-layout-flow\" style=\"flex-basis:100%\">\n<div class=\"wp-block-columns is-layout-flex wp-container-core-columns-is-layout-9d6595d7 wp-block-columns-is-layout-flex\">\n<div class=\"wp-block-column is-layout-flow wp-block-column-is-layout-flow\" style=\"flex-basis:100%\">\n<div class=\"wp-block-group\"><div class=\"wp-block-group__inner-container is-layout-flow wp-block-group-is-layout-flow\">\n<div class=\"wp-block-columns is-layout-flex wp-container-core-columns-is-layout-9d6595d7 wp-block-columns-is-layout-flex\">\n<div class=\"wp-block-column is-vertically-aligned-bottom is-layout-flow wp-block-column-is-layout-flow\" style=\"flex-basis:100%\">\n<hr class=\"wp-block-separator has-css-opacity\"\/>\n\n\n\n<div class=\"wp-block-group\"><div class=\"wp-block-group__inner-container is-layout-flow wp-block-group-is-layout-flow\"><\/div><\/div>\n<\/div>\n<\/div>\n<\/div><\/div>\n<\/div>\n<\/div>\n\n\n\n<hr class=\"wp-block-separator has-css-opacity\"\/>\n\n\n\n<hr class=\"wp-block-separator has-css-opacity\"\/>\n<\/div>\n<\/div>\n<\/div>\n<\/div>\n","protected":false},"excerpt":{"rendered":"<p>Entreprises ? N&#8217;h\u00e9sitez pas \u00e0 nous contacter pour toute demande de partenariat. Campagne de collecte de fonds en cours pour la GRANDE TRAVERSEE DU VERCORS 2023, c&#8217;est bien ici. Cliquez sur le montant d\u00e9sir\u00e9 et le d\u00e9fi apparaitra. Indiquez en commentaire ou via chris@prochaindefi.com \u00e0 qui vous d\u00e9diez ce d\u00e9fi. On compte sur vous Pour &hellip; <\/p>\n<p class=\"link-more\"><a href=\"https:\/\/prochaindefi.com\/index.php\/nous-soutenir\/\" class=\"more-link\">Continue reading<span class=\"screen-reader-text\"> &#8220;NOUS SOUTENIR&#8221;<\/span><\/a><\/p>\n","protected":false},"author":1,"featured_media":0,"parent":0,"menu_order":0,"comment_status":"closed","ping_status":"closed","template":"","meta":{"footnotes":""},"class_list":["post-95","page","type-page","status-publish","hentry"],"yoast_head":"<!-- This site is optimized with the Yoast SEO plugin v27.4 - https:\/\/yoast.com\/product\/yoast-seo-wordpress\/ -->\n<title>NOUS SOUTENIR - Le Prochain D\u00e9fi<\/title>\n<meta name=\"robots\" content=\"index, follow, max-snippet:-1, max-image-preview:large, max-video-preview:-1\" \/>\n<link rel=\"canonical\" href=\"https:\/\/prochaindefi.com\/index.php\/nous-soutenir\/\" \/>\n<meta property=\"og:locale\" content=\"en_US\" \/>\n<meta property=\"og:type\" content=\"article\" \/>\n<meta property=\"og:title\" content=\"NOUS SOUTENIR - Le Prochain D\u00e9fi\" \/>\n<meta property=\"og:description\" content=\"Entreprises ? N&#8217;h\u00e9sitez pas \u00e0 nous contacter pour toute demande de partenariat. Campagne de collecte de fonds en cours pour la GRANDE TRAVERSEE DU VERCORS 2023, c&#8217;est bien ici. Cliquez sur le montant d\u00e9sir\u00e9 et le d\u00e9fi apparaitra. Indiquez en commentaire ou via chris@prochaindefi.com \u00e0 qui vous d\u00e9diez ce d\u00e9fi. On compte sur vous Pour &hellip; Continue reading &quot;NOUS SOUTENIR&quot;\" \/>\n<meta property=\"og:url\" content=\"https:\/\/prochaindefi.com\/index.php\/nous-soutenir\/\" \/>\n<meta property=\"og:site_name\" content=\"Le Prochain D\u00e9fi\" \/>\n<meta property=\"article:modified_time\" content=\"2023-06-16T18:09:47+00:00\" \/>\n<meta name=\"twitter:card\" content=\"summary_large_image\" \/>\n<meta name=\"twitter:label1\" content=\"Est. reading time\" \/>\n\t<meta name=\"twitter:data1\" content=\"1 minute\" \/>\n<script type=\"application\/ld+json\" class=\"yoast-schema-graph\">{\"@context\":\"https:\\\/\\\/schema.org\",\"@graph\":[{\"@type\":\"WebPage\",\"@id\":\"https:\\\/\\\/prochaindefi.com\\\/index.php\\\/nous-soutenir\\\/\",\"url\":\"https:\\\/\\\/prochaindefi.com\\\/index.php\\\/nous-soutenir\\\/\",\"name\":\"NOUS SOUTENIR - Le Prochain D\u00e9fi\",\"isPartOf\":{\"@id\":\"https:\\\/\\\/prochaindefi.com\\\/#website\"},\"datePublished\":\"2020-01-09T20:20:26+00:00\",\"dateModified\":\"2023-06-16T18:09:47+00:00\",\"breadcrumb\":{\"@id\":\"https:\\\/\\\/prochaindefi.com\\\/index.php\\\/nous-soutenir\\\/#breadcrumb\"},\"inLanguage\":\"en-US\",\"potentialAction\":[{\"@type\":\"ReadAction\",\"target\":[\"https:\\\/\\\/prochaindefi.com\\\/index.php\\\/nous-soutenir\\\/\"]}]},{\"@type\":\"BreadcrumbList\",\"@id\":\"https:\\\/\\\/prochaindefi.com\\\/index.php\\\/nous-soutenir\\\/#breadcrumb\",\"itemListElement\":[{\"@type\":\"ListItem\",\"position\":1,\"name\":\"Accueil\",\"item\":\"https:\\\/\\\/prochaindefi.com\\\/\"},{\"@type\":\"ListItem\",\"position\":2,\"name\":\"NOUS SOUTENIR\"}]},{\"@type\":\"WebSite\",\"@id\":\"https:\\\/\\\/prochaindefi.com\\\/#website\",\"url\":\"https:\\\/\\\/prochaindefi.com\\\/\",\"name\":\"Le Prochain D\u00e9fi\",\"description\":\"Une aventure sportive et solidaire  in\u00e9dite.\",\"potentialAction\":[{\"@type\":\"SearchAction\",\"target\":{\"@type\":\"EntryPoint\",\"urlTemplate\":\"https:\\\/\\\/prochaindefi.com\\\/?s={search_term_string}\"},\"query-input\":{\"@type\":\"PropertyValueSpecification\",\"valueRequired\":true,\"valueName\":\"search_term_string\"}}],\"inLanguage\":\"en-US\"}]}<\/script>\n<!-- \/ Yoast SEO plugin. -->","yoast_head_json":{"title":"NOUS SOUTENIR - Le Prochain D\u00e9fi","robots":{"index":"index","follow":"follow","max-snippet":"max-snippet:-1","max-image-preview":"max-image-preview:large","max-video-preview":"max-video-preview:-1"},"canonical":"https:\/\/prochaindefi.com\/index.php\/nous-soutenir\/","og_locale":"en_US","og_type":"article","og_title":"NOUS SOUTENIR - Le Prochain D\u00e9fi","og_description":"Entreprises ? N&#8217;h\u00e9sitez pas \u00e0 nous contacter pour toute demande de partenariat. Campagne de collecte de fonds en cours pour la GRANDE TRAVERSEE DU VERCORS 2023, c&#8217;est bien ici. Cliquez sur le montant d\u00e9sir\u00e9 et le d\u00e9fi apparaitra. Indiquez en commentaire ou via chris@prochaindefi.com \u00e0 qui vous d\u00e9diez ce d\u00e9fi. On compte sur vous Pour &hellip; Continue reading \"NOUS SOUTENIR\"","og_url":"https:\/\/prochaindefi.com\/index.php\/nous-soutenir\/","og_site_name":"Le Prochain D\u00e9fi","article_modified_time":"2023-06-16T18:09:47+00:00","twitter_card":"summary_large_image","twitter_misc":{"Est. reading time":"1 minute"},"schema":{"@context":"https:\/\/schema.org","@graph":[{"@type":"WebPage","@id":"https:\/\/prochaindefi.com\/index.php\/nous-soutenir\/","url":"https:\/\/prochaindefi.com\/index.php\/nous-soutenir\/","name":"NOUS SOUTENIR - Le Prochain D\u00e9fi","isPartOf":{"@id":"https:\/\/prochaindefi.com\/#website"},"datePublished":"2020-01-09T20:20:26+00:00","dateModified":"2023-06-16T18:09:47+00:00","breadcrumb":{"@id":"https:\/\/prochaindefi.com\/index.php\/nous-soutenir\/#breadcrumb"},"inLanguage":"en-US","potentialAction":[{"@type":"ReadAction","target":["https:\/\/prochaindefi.com\/index.php\/nous-soutenir\/"]}]},{"@type":"BreadcrumbList","@id":"https:\/\/prochaindefi.com\/index.php\/nous-soutenir\/#breadcrumb","itemListElement":[{"@type":"ListItem","position":1,"name":"Accueil","item":"https:\/\/prochaindefi.com\/"},{"@type":"ListItem","position":2,"name":"NOUS SOUTENIR"}]},{"@type":"WebSite","@id":"https:\/\/prochaindefi.com\/#website","url":"https:\/\/prochaindefi.com\/","name":"Le Prochain D\u00e9fi","description":"Une aventure sportive et solidaire  in\u00e9dite.","potentialAction":[{"@type":"SearchAction","target":{"@type":"EntryPoint","urlTemplate":"https:\/\/prochaindefi.com\/?s={search_term_string}"},"query-input":{"@type":"PropertyValueSpecification","valueRequired":true,"valueName":"search_term_string"}}],"inLanguage":"en-US"}]}},"jetpack_sharing_enabled":true,"_links":{"self":[{"href":"https:\/\/prochaindefi.com\/index.php\/wp-json\/wp\/v2\/pages\/95","targetHints":{"allow":["GET"]}}],"collection":[{"href":"https:\/\/prochaindefi.com\/index.php\/wp-json\/wp\/v2\/pages"}],"about":[{"href":"https:\/\/prochaindefi.com\/index.php\/wp-json\/wp\/v2\/types\/page"}],"author":[{"embeddable":true,"href":"https:\/\/prochaindefi.com\/index.php\/wp-json\/wp\/v2\/users\/1"}],"replies":[{"embeddable":true,"href":"https:\/\/prochaindefi.com\/index.php\/wp-json\/wp\/v2\/comments?post=95"}],"version-history":[{"count":18,"href":"https:\/\/prochaindefi.com\/index.php\/wp-json\/wp\/v2\/pages\/95\/revisions"}],"predecessor-version":[{"id":616,"href":"https:\/\/prochaindefi.com\/index.php\/wp-json\/wp\/v2\/pages\/95\/revisions\/616"}],"wp:attachment":[{"href":"https:\/\/prochaindefi.com\/index.php\/wp-json\/wp\/v2\/media?parent=95"}],"curies":[{"name":"wp","href":"https:\/\/api.w.org\/{rel}","templated":true}]}}