{"id":553,"date":"2022-04-20T17:04:50","date_gmt":"2022-04-20T15:04:50","guid":{"rendered":"https:\/\/prochaindefi.com\/?page_id=553"},"modified":"2023-05-31T07:48:20","modified_gmt":"2023-05-31T05:48:20","slug":"souvenirs","status":"publish","type":"page","link":"https:\/\/prochaindefi.com\/index.php\/souvenirs\/","title":{"rendered":"Souvenirs"},"content":{"rendered":"\n<p>Vous \u00eates au bon endroit pour parcourir des photos de nos p\u00e9riples ou l&#8217;archive de la campagne sur Hello Asso <a href=\"https:\/\/www.helloasso.com\/associations\/autisme-ambition-avenir\/collectes\/a-l-assaut-des-sentiers-vosgiens-pour-une-reponse-inclusive\" target=\"_blank\" rel=\"noreferrer noopener\">ici<\/a> dessous. (merci @sabribac et Eric pour les photos de folie !!!)<\/p>\n\n\n\n<p>Si vous avez 5 mn devant vous,  retrouvez aussi le r\u00e9cit de notre \u00e9pop\u00e9e solidaire en Corse en 2019 comme si vous y \u00e9tiez en cliquant <a href=\"https:\/\/prochaindefi.com\/index.php\/2020\/01\/08\/elementor-57\/\">ici.<\/a><\/p>\n","protected":false},"excerpt":{"rendered":"<p>Vous \u00eates au bon endroit pour parcourir des photos de nos p\u00e9riples ou l&#8217;archive de la campagne sur Hello Asso ici dessous. (merci @sabribac et Eric pour les photos de folie !!!) Si vous avez 5 mn devant vous, retrouvez aussi le r\u00e9cit de notre \u00e9pop\u00e9e solidaire en Corse en 2019 comme si vous y &hellip; <\/p>\n<p class=\"link-more\"><a href=\"https:\/\/prochaindefi.com\/index.php\/souvenirs\/\" class=\"more-link\">Continue reading<span class=\"screen-reader-text\"> &#8220;Souvenirs&#8221;<\/span><\/a><\/p>\n","protected":false},"author":1,"featured_media":0,"parent":0,"menu_order":0,"comment_status":"closed","ping_status":"closed","template":"","meta":{"footnotes":""},"class_list":["post-553","page","type-page","status-publish","hentry"],"yoast_head":"<!-- This site is optimized with the Yoast SEO plugin v27.4 - https:\/\/yoast.com\/product\/yoast-seo-wordpress\/ -->\n<title>Souvenirs - Le Prochain D\u00e9fi<\/title>\n<meta name=\"robots\" content=\"index, follow, max-snippet:-1, max-image-preview:large, max-video-preview:-1\" \/>\n<link rel=\"canonical\" href=\"https:\/\/prochaindefi.com\/index.php\/souvenirs\/\" \/>\n<meta property=\"og:locale\" content=\"en_US\" \/>\n<meta property=\"og:type\" content=\"article\" \/>\n<meta property=\"og:title\" content=\"Souvenirs - Le Prochain D\u00e9fi\" \/>\n<meta property=\"og:description\" content=\"Vous \u00eates au bon endroit pour parcourir des photos de nos p\u00e9riples ou l&#8217;archive de la campagne sur Hello Asso ici dessous. (merci @sabribac et Eric pour les photos de folie !!!) Si vous avez 5 mn devant vous, retrouvez aussi le r\u00e9cit de notre \u00e9pop\u00e9e solidaire en Corse en 2019 comme si vous y &hellip; Continue reading &quot;Souvenirs&quot;\" \/>\n<meta property=\"og:url\" content=\"https:\/\/prochaindefi.com\/index.php\/souvenirs\/\" \/>\n<meta property=\"og:site_name\" content=\"Le Prochain D\u00e9fi\" \/>\n<meta property=\"article:modified_time\" content=\"2023-05-31T05:48:20+00:00\" \/>\n<meta name=\"twitter:card\" content=\"summary_large_image\" \/>\n<meta name=\"twitter:label1\" content=\"Est. reading time\" \/>\n\t<meta name=\"twitter:data1\" content=\"4 minutes\" \/>\n<script type=\"application\/ld+json\" class=\"yoast-schema-graph\">{\"@context\":\"https:\\\/\\\/schema.org\",\"@graph\":[{\"@type\":\"WebPage\",\"@id\":\"https:\\\/\\\/prochaindefi.com\\\/index.php\\\/souvenirs\\\/\",\"url\":\"https:\\\/\\\/prochaindefi.com\\\/index.php\\\/souvenirs\\\/\",\"name\":\"Souvenirs - Le Prochain D\u00e9fi\",\"isPartOf\":{\"@id\":\"https:\\\/\\\/prochaindefi.com\\\/#website\"},\"datePublished\":\"2022-04-20T15:04:50+00:00\",\"dateModified\":\"2023-05-31T05:48:20+00:00\",\"breadcrumb\":{\"@id\":\"https:\\\/\\\/prochaindefi.com\\\/index.php\\\/souvenirs\\\/#breadcrumb\"},\"inLanguage\":\"en-US\",\"potentialAction\":[{\"@type\":\"ReadAction\",\"target\":[\"https:\\\/\\\/prochaindefi.com\\\/index.php\\\/souvenirs\\\/\"]}]},{\"@type\":\"BreadcrumbList\",\"@id\":\"https:\\\/\\\/prochaindefi.com\\\/index.php\\\/souvenirs\\\/#breadcrumb\",\"itemListElement\":[{\"@type\":\"ListItem\",\"position\":1,\"name\":\"Accueil\",\"item\":\"https:\\\/\\\/prochaindefi.com\\\/\"},{\"@type\":\"ListItem\",\"position\":2,\"name\":\"Souvenirs\"}]},{\"@type\":\"WebSite\",\"@id\":\"https:\\\/\\\/prochaindefi.com\\\/#website\",\"url\":\"https:\\\/\\\/prochaindefi.com\\\/\",\"name\":\"Le Prochain D\u00e9fi\",\"description\":\"Une aventure sportive et solidaire  in\u00e9dite.\",\"potentialAction\":[{\"@type\":\"SearchAction\",\"target\":{\"@type\":\"EntryPoint\",\"urlTemplate\":\"https:\\\/\\\/prochaindefi.com\\\/?s={search_term_string}\"},\"query-input\":{\"@type\":\"PropertyValueSpecification\",\"valueRequired\":true,\"valueName\":\"search_term_string\"}}],\"inLanguage\":\"en-US\"}]}<\/script>\n<!-- \/ Yoast SEO plugin. -->","yoast_head_json":{"title":"Souvenirs - Le Prochain D\u00e9fi","robots":{"index":"index","follow":"follow","max-snippet":"max-snippet:-1","max-image-preview":"max-image-preview:large","max-video-preview":"max-video-preview:-1"},"canonical":"https:\/\/prochaindefi.com\/index.php\/souvenirs\/","og_locale":"en_US","og_type":"article","og_title":"Souvenirs - Le Prochain D\u00e9fi","og_description":"Vous \u00eates au bon endroit pour parcourir des photos de nos p\u00e9riples ou l&#8217;archive de la campagne sur Hello Asso ici dessous. (merci @sabribac et Eric pour les photos de folie !!!) Si vous avez 5 mn devant vous, retrouvez aussi le r\u00e9cit de notre \u00e9pop\u00e9e solidaire en Corse en 2019 comme si vous y &hellip; Continue reading \"Souvenirs\"","og_url":"https:\/\/prochaindefi.com\/index.php\/souvenirs\/","og_site_name":"Le Prochain D\u00e9fi","article_modified_time":"2023-05-31T05:48:20+00:00","twitter_card":"summary_large_image","twitter_misc":{"Est. reading time":"4 minutes"},"schema":{"@context":"https:\/\/schema.org","@graph":[{"@type":"WebPage","@id":"https:\/\/prochaindefi.com\/index.php\/souvenirs\/","url":"https:\/\/prochaindefi.com\/index.php\/souvenirs\/","name":"Souvenirs - Le Prochain D\u00e9fi","isPartOf":{"@id":"https:\/\/prochaindefi.com\/#website"},"datePublished":"2022-04-20T15:04:50+00:00","dateModified":"2023-05-31T05:48:20+00:00","breadcrumb":{"@id":"https:\/\/prochaindefi.com\/index.php\/souvenirs\/#breadcrumb"},"inLanguage":"en-US","potentialAction":[{"@type":"ReadAction","target":["https:\/\/prochaindefi.com\/index.php\/souvenirs\/"]}]},{"@type":"BreadcrumbList","@id":"https:\/\/prochaindefi.com\/index.php\/souvenirs\/#breadcrumb","itemListElement":[{"@type":"ListItem","position":1,"name":"Accueil","item":"https:\/\/prochaindefi.com\/"},{"@type":"ListItem","position":2,"name":"Souvenirs"}]},{"@type":"WebSite","@id":"https:\/\/prochaindefi.com\/#website","url":"https:\/\/prochaindefi.com\/","name":"Le Prochain D\u00e9fi","description":"Une aventure sportive et solidaire  in\u00e9dite.","potentialAction":[{"@type":"SearchAction","target":{"@type":"EntryPoint","urlTemplate":"https:\/\/prochaindefi.com\/?s={search_term_string}"},"query-input":{"@type":"PropertyValueSpecification","valueRequired":true,"valueName":"search_term_string"}}],"inLanguage":"en-US"}]}},"jetpack_sharing_enabled":true,"_links":{"self":[{"href":"https:\/\/prochaindefi.com\/index.php\/wp-json\/wp\/v2\/pages\/553","targetHints":{"allow":["GET"]}}],"collection":[{"href":"https:\/\/prochaindefi.com\/index.php\/wp-json\/wp\/v2\/pages"}],"about":[{"href":"https:\/\/prochaindefi.com\/index.php\/wp-json\/wp\/v2\/types\/page"}],"author":[{"embeddable":true,"href":"https:\/\/prochaindefi.com\/index.php\/wp-json\/wp\/v2\/users\/1"}],"replies":[{"embeddable":true,"href":"https:\/\/prochaindefi.com\/index.php\/wp-json\/wp\/v2\/comments?post=553"}],"version-history":[{"count":6,"href":"https:\/\/prochaindefi.com\/index.php\/wp-json\/wp\/v2\/pages\/553\/revisions"}],"predecessor-version":[{"id":607,"href":"https:\/\/prochaindefi.com\/index.php\/wp-json\/wp\/v2\/pages\/553\/revisions\/607"}],"wp:attachment":[{"href":"https:\/\/prochaindefi.com\/index.php\/wp-json\/wp\/v2\/media?parent=553"}],"curies":[{"name":"wp","href":"https:\/\/api.w.org\/{rel}","templated":true}]}}