{"id":525,"date":"2022-04-20T16:01:08","date_gmt":"2022-04-20T14:01:08","guid":{"rendered":"https:\/\/prochaindefi.com\/?page_id=525"},"modified":"2022-04-20T16:31:33","modified_gmt":"2022-04-20T14:31:33","slug":"la-charte","status":"publish","type":"page","link":"https:\/\/prochaindefi.com\/index.php\/la-charte\/","title":{"rendered":"La charte"},"content":{"rendered":"\n<p class=\"has-white-color has-vivid-cyan-blue-background-color has-text-color has-background\"><strong><u>Objet du Prochain d\u00e9fi<\/u><\/strong><\/p>\n\n\n\n<p class=\"has-drop-cap\">C\u2019est une initiative conviviale, sportive &amp; solidaire dont l\u2019objectif est double\u00a0: mener avec un groupe d\u2019amis un <strong>d\u00e9fi sportif<\/strong> et utiliser cet \u00e9v\u00e9nement pour <strong>collecter des fonds au profit d\u2019une association<\/strong>. Ces fonds serviront \u00e0 soutenir un projet favorisant l\u2019inclusion des enfants en situation de handicap (cognitif ou moteur).<\/p>\n\n\n\n<p class=\"has-white-color has-vivid-green-cyan-background-color has-text-color has-background\"><strong><u>Quelles sont les valeurs d\u00e9fendues\u00a0? Pour qui\u00a0?<\/u><\/strong><\/p>\n\n\n\n<p class=\"has-drop-cap\">Au travers de ses actions, le Prochain D\u00e9fi souhaite&nbsp;:<\/p>\n\n\n\n<ul class=\"wp-block-list\"><li><strong>Porter une attention particuli\u00e8re aux enfants en situation de handicap et leurs familles <\/strong>et agir pour leur inclusion dans la soci\u00e9t\u00e9 de demain.<\/li><li><strong>Promouvoir l\u2019Inclusion de chacun<\/strong> dans la soci\u00e9t\u00e9 et la participation de tous, dans le respect de la diversit\u00e9 et des choix de chacun.<\/li><li><strong>Reconnaitre la diff\u00e9rence comme une richesse<\/strong>.<\/li><li><strong>Faire r\u00e9sonner la valeur d&#8217;inclusion avec les valeurs\u00a0d&#8217;\u00e9coute, d&#8217;ouverture d\u2019esprit et de collaboration.<\/strong><\/li><\/ul>\n\n\n\n<p class=\"has-white-color has-vivid-purple-background-color has-text-color has-background\"><strong><u>Exemples de projets soutenus par le Prochain D\u00e9fi.<\/u><\/strong><\/p>\n\n\n\n<p class=\"has-drop-cap\">En 2019, 8 amis ont ainsi parcouru le GR20 (Corse) et collect\u00e9 8000 $ pour l\u2019ONG <a href=\"http:\/\/www.hi-canada.org\">Handicap International Canada <\/a>(o\u00f9 travaillait l\u2019un des membres) afin de soutenir le programme d\u2019\u00e9ducation inclusive pour les enfants en situation de handicap dans les pays en voie de d\u00e9veloppement.<\/p>\n\n\n\n<p>En 2021, ce sont 9 amis qui ont parcouru 140 km sur le sentier de la cr\u00eate des Vosges et collect\u00e9 6500 \u20ac pour l\u2019association <a href=\"https:\/\/autisme-ambitionavenir.com\">Autisme Ambition Avenir\u00a0<\/a>(bas\u00e9e \u00e0 Lyon) visant une meilleure prise en charge et inclusion des enfants autistes. Ces 2 projets ne sont qu\u2019une goutte d\u2019eau dans l\u2019oc\u00e9an des besoins mais illustrent bien notre engagement.<\/p>\n\n\n\n<p class=\"has-black-color has-luminous-vivid-amber-background-color has-text-color has-background\"><strong><u>Comment rejoindre la dynamique du Prochain D\u00e9fi?<\/u><\/strong><\/p>\n\n\n\n<p class=\"has-drop-cap\">Le groupe \u00ab&nbsp;historique&nbsp;\u00bb du Prochain D\u00e9fi compte continuer \u00e0 se mobiliser chaque ann\u00e9e sur un d\u00e9fi sportif mais notre ambition est aussi de proposer les outils de communication (r\u00e9seaux sociaux, site internet) et notre exp\u00e9rience au maximum d\u2019initiatives.<\/p>\n\n\n\n<figure class=\"wp-block-image size-large\"><img loading=\"lazy\" decoding=\"async\" width=\"1024\" height=\"683\" src=\"https:\/\/prochaindefi.com\/wp-content\/uploads\/2022\/04\/Q0000005-1-1024x683.jpg\" alt=\"\" class=\"wp-image-538\" srcset=\"https:\/\/prochaindefi.com\/wp-content\/uploads\/2022\/04\/Q0000005-1-1024x683.jpg 1024w, https:\/\/prochaindefi.com\/wp-content\/uploads\/2022\/04\/Q0000005-1-300x200.jpg 300w, https:\/\/prochaindefi.com\/wp-content\/uploads\/2022\/04\/Q0000005-1-768x512.jpg 768w, https:\/\/prochaindefi.com\/wp-content\/uploads\/2022\/04\/Q0000005-1-1536x1024.jpg 1536w, https:\/\/prochaindefi.com\/wp-content\/uploads\/2022\/04\/Q0000005-1-2048x1365.jpg 2048w\" sizes=\"auto, (max-width: 767px) 89vw, (max-width: 1000px) 54vw, (max-width: 1071px) 543px, 580px\" \/><figcaption>Pr\u00eat \u00e0 partir dans une ambiance conviviale<\/figcaption><\/figure>\n\n\n\n<p>Chacun est libre de cr\u00e9er son propre d\u00e9fi, de constituer son \u00e9quipe (de 2 \u00e0 autant de personnes que vous pouvez g\u00e9rer :-)) et de collecter des fonds pour une cause s\u2019inscrivant dans les valeurs et l\u2019objet pr\u00e9cit\u00e9s.<\/p>\n\n\n\n<p>Il n\u2019y a pas de format pr\u00e9d\u00e9fini pour ces d\u00e9fis\u00a0: une course, une marche, une randonn\u00e9e ou n\u2019importe quel autre challenge sportif qu\u2019il dure un jour ou plus. Nous relaierons chaque initiative de la m\u00eame mani\u00e8re\u00a0: il n\u2019y a pas de \u00ab\u00a0petit\u00a0\u00bb d\u00e9fi.<\/p>\n\n\n\n<p class=\"has-black-color has-pale-pink-background-color has-text-color has-background\"><strong><u>Y\u2019a t\u2019il des frais\u00a0?<\/u><\/strong><\/p>\n\n\n\n<p class=\"has-drop-cap\">Le Prochain D\u00e9fi est une initiative <strong>b\u00e9n\u00e9vole<\/strong> et \u00e0 vocation \u00e0 le rester.<\/p>\n\n\n\n<p><strong>Nous reversons 100% de l\u2019argent collect\u00e9 et ne pr\u00e9levons aucun frais de quelque mani\u00e8re que ce soit.<\/strong><\/p>\n\n\n\n<p>Si vous collectez de l\u2019argent en ligne, nous vous recommandons d\u2019utiliser la plateforme <a href=\"http:\/\/www.helloasso.com\">HelloAsso<\/a> qui ne prend aucune commission. Les \u00e9ventuels co\u00fbts li\u00e9s au d\u00e9fi (ex: transport, h\u00e9bergement, nourriture&#8230;) sont assum\u00e9s par chacun des participants\u00a0individuellement.<\/p>\n\n\n\n<p><em>charte pens\u00e9e et r\u00e9dig\u00e9e en mars 2022 par Ludo, Chris, Kub et Sabri<\/em><\/p>\n","protected":false},"excerpt":{"rendered":"<p>Objet du Prochain d\u00e9fi C\u2019est une initiative conviviale, sportive &amp; solidaire dont l\u2019objectif est double\u00a0: mener avec un groupe d\u2019amis un d\u00e9fi sportif et utiliser cet \u00e9v\u00e9nement pour collecter des fonds au profit d\u2019une association. Ces fonds serviront \u00e0 soutenir un projet favorisant l\u2019inclusion des enfants en situation de handicap (cognitif ou moteur). Quelles sont &hellip; <\/p>\n<p class=\"link-more\"><a href=\"https:\/\/prochaindefi.com\/index.php\/la-charte\/\" class=\"more-link\">Continue reading<span class=\"screen-reader-text\"> &#8220;La charte&#8221;<\/span><\/a><\/p>\n","protected":false},"author":1,"featured_media":0,"parent":0,"menu_order":0,"comment_status":"closed","ping_status":"closed","template":"","meta":{"footnotes":""},"class_list":["post-525","page","type-page","status-publish","hentry"],"yoast_head":"<!-- This site is optimized with the Yoast SEO plugin v27.4 - https:\/\/yoast.com\/product\/yoast-seo-wordpress\/ -->\n<title>La charte - Le Prochain D\u00e9fi<\/title>\n<meta name=\"robots\" content=\"index, follow, max-snippet:-1, max-image-preview:large, max-video-preview:-1\" \/>\n<link rel=\"canonical\" href=\"https:\/\/prochaindefi.com\/index.php\/la-charte\/\" \/>\n<meta property=\"og:locale\" content=\"en_US\" \/>\n<meta property=\"og:type\" content=\"article\" \/>\n<meta property=\"og:title\" content=\"La charte - Le Prochain D\u00e9fi\" \/>\n<meta property=\"og:description\" content=\"Objet du Prochain d\u00e9fi C\u2019est une initiative conviviale, sportive &amp; solidaire dont l\u2019objectif est double\u00a0: mener avec un groupe d\u2019amis un d\u00e9fi sportif et utiliser cet \u00e9v\u00e9nement pour collecter des fonds au profit d\u2019une association. Ces fonds serviront \u00e0 soutenir un projet favorisant l\u2019inclusion des enfants en situation de handicap (cognitif ou moteur). Quelles sont &hellip; Continue reading &quot;La charte&quot;\" \/>\n<meta property=\"og:url\" content=\"https:\/\/prochaindefi.com\/index.php\/la-charte\/\" \/>\n<meta property=\"og:site_name\" content=\"Le Prochain D\u00e9fi\" \/>\n<meta property=\"article:modified_time\" content=\"2022-04-20T14:31:33+00:00\" \/>\n<meta property=\"og:image\" content=\"https:\/\/prochaindefi.com\/wp-content\/uploads\/2022\/04\/Q0000005-1-1024x683.jpg\" \/>\n<meta name=\"twitter:card\" content=\"summary_large_image\" \/>\n<meta name=\"twitter:label1\" content=\"Est. reading time\" \/>\n\t<meta name=\"twitter:data1\" content=\"3 minutes\" \/>\n<script type=\"application\/ld+json\" class=\"yoast-schema-graph\">{\"@context\":\"https:\\\/\\\/schema.org\",\"@graph\":[{\"@type\":\"WebPage\",\"@id\":\"https:\\\/\\\/prochaindefi.com\\\/index.php\\\/la-charte\\\/\",\"url\":\"https:\\\/\\\/prochaindefi.com\\\/index.php\\\/la-charte\\\/\",\"name\":\"La charte - Le Prochain D\u00e9fi\",\"isPartOf\":{\"@id\":\"https:\\\/\\\/prochaindefi.com\\\/#website\"},\"primaryImageOfPage\":{\"@id\":\"https:\\\/\\\/prochaindefi.com\\\/index.php\\\/la-charte\\\/#primaryimage\"},\"image\":{\"@id\":\"https:\\\/\\\/prochaindefi.com\\\/index.php\\\/la-charte\\\/#primaryimage\"},\"thumbnailUrl\":\"https:\\\/\\\/prochaindefi.com\\\/wp-content\\\/uploads\\\/2022\\\/04\\\/Q0000005-1-1024x683.jpg\",\"datePublished\":\"2022-04-20T14:01:08+00:00\",\"dateModified\":\"2022-04-20T14:31:33+00:00\",\"breadcrumb\":{\"@id\":\"https:\\\/\\\/prochaindefi.com\\\/index.php\\\/la-charte\\\/#breadcrumb\"},\"inLanguage\":\"en-US\",\"potentialAction\":[{\"@type\":\"ReadAction\",\"target\":[\"https:\\\/\\\/prochaindefi.com\\\/index.php\\\/la-charte\\\/\"]}]},{\"@type\":\"ImageObject\",\"inLanguage\":\"en-US\",\"@id\":\"https:\\\/\\\/prochaindefi.com\\\/index.php\\\/la-charte\\\/#primaryimage\",\"url\":\"https:\\\/\\\/prochaindefi.com\\\/wp-content\\\/uploads\\\/2022\\\/04\\\/Q0000005-1-scaled.jpg\",\"contentUrl\":\"https:\\\/\\\/prochaindefi.com\\\/wp-content\\\/uploads\\\/2022\\\/04\\\/Q0000005-1-scaled.jpg\",\"width\":2560,\"height\":1706},{\"@type\":\"BreadcrumbList\",\"@id\":\"https:\\\/\\\/prochaindefi.com\\\/index.php\\\/la-charte\\\/#breadcrumb\",\"itemListElement\":[{\"@type\":\"ListItem\",\"position\":1,\"name\":\"Accueil\",\"item\":\"https:\\\/\\\/prochaindefi.com\\\/\"},{\"@type\":\"ListItem\",\"position\":2,\"name\":\"La charte\"}]},{\"@type\":\"WebSite\",\"@id\":\"https:\\\/\\\/prochaindefi.com\\\/#website\",\"url\":\"https:\\\/\\\/prochaindefi.com\\\/\",\"name\":\"Le Prochain D\u00e9fi\",\"description\":\"Une aventure sportive et solidaire  in\u00e9dite.\",\"potentialAction\":[{\"@type\":\"SearchAction\",\"target\":{\"@type\":\"EntryPoint\",\"urlTemplate\":\"https:\\\/\\\/prochaindefi.com\\\/?s={search_term_string}\"},\"query-input\":{\"@type\":\"PropertyValueSpecification\",\"valueRequired\":true,\"valueName\":\"search_term_string\"}}],\"inLanguage\":\"en-US\"}]}<\/script>\n<!-- \/ Yoast SEO plugin. -->","yoast_head_json":{"title":"La charte - Le Prochain D\u00e9fi","robots":{"index":"index","follow":"follow","max-snippet":"max-snippet:-1","max-image-preview":"max-image-preview:large","max-video-preview":"max-video-preview:-1"},"canonical":"https:\/\/prochaindefi.com\/index.php\/la-charte\/","og_locale":"en_US","og_type":"article","og_title":"La charte - Le Prochain D\u00e9fi","og_description":"Objet du Prochain d\u00e9fi C\u2019est une initiative conviviale, sportive &amp; solidaire dont l\u2019objectif est double\u00a0: mener avec un groupe d\u2019amis un d\u00e9fi sportif et utiliser cet \u00e9v\u00e9nement pour collecter des fonds au profit d\u2019une association. Ces fonds serviront \u00e0 soutenir un projet favorisant l\u2019inclusion des enfants en situation de handicap (cognitif ou moteur). Quelles sont &hellip; Continue reading \"La charte\"","og_url":"https:\/\/prochaindefi.com\/index.php\/la-charte\/","og_site_name":"Le Prochain D\u00e9fi","article_modified_time":"2022-04-20T14:31:33+00:00","og_image":[{"url":"https:\/\/prochaindefi.com\/wp-content\/uploads\/2022\/04\/Q0000005-1-1024x683.jpg","type":"","width":"","height":""}],"twitter_card":"summary_large_image","twitter_misc":{"Est. reading time":"3 minutes"},"schema":{"@context":"https:\/\/schema.org","@graph":[{"@type":"WebPage","@id":"https:\/\/prochaindefi.com\/index.php\/la-charte\/","url":"https:\/\/prochaindefi.com\/index.php\/la-charte\/","name":"La charte - Le Prochain D\u00e9fi","isPartOf":{"@id":"https:\/\/prochaindefi.com\/#website"},"primaryImageOfPage":{"@id":"https:\/\/prochaindefi.com\/index.php\/la-charte\/#primaryimage"},"image":{"@id":"https:\/\/prochaindefi.com\/index.php\/la-charte\/#primaryimage"},"thumbnailUrl":"https:\/\/prochaindefi.com\/wp-content\/uploads\/2022\/04\/Q0000005-1-1024x683.jpg","datePublished":"2022-04-20T14:01:08+00:00","dateModified":"2022-04-20T14:31:33+00:00","breadcrumb":{"@id":"https:\/\/prochaindefi.com\/index.php\/la-charte\/#breadcrumb"},"inLanguage":"en-US","potentialAction":[{"@type":"ReadAction","target":["https:\/\/prochaindefi.com\/index.php\/la-charte\/"]}]},{"@type":"ImageObject","inLanguage":"en-US","@id":"https:\/\/prochaindefi.com\/index.php\/la-charte\/#primaryimage","url":"https:\/\/prochaindefi.com\/wp-content\/uploads\/2022\/04\/Q0000005-1-scaled.jpg","contentUrl":"https:\/\/prochaindefi.com\/wp-content\/uploads\/2022\/04\/Q0000005-1-scaled.jpg","width":2560,"height":1706},{"@type":"BreadcrumbList","@id":"https:\/\/prochaindefi.com\/index.php\/la-charte\/#breadcrumb","itemListElement":[{"@type":"ListItem","position":1,"name":"Accueil","item":"https:\/\/prochaindefi.com\/"},{"@type":"ListItem","position":2,"name":"La charte"}]},{"@type":"WebSite","@id":"https:\/\/prochaindefi.com\/#website","url":"https:\/\/prochaindefi.com\/","name":"Le Prochain D\u00e9fi","description":"Une aventure sportive et solidaire  in\u00e9dite.","potentialAction":[{"@type":"SearchAction","target":{"@type":"EntryPoint","urlTemplate":"https:\/\/prochaindefi.com\/?s={search_term_string}"},"query-input":{"@type":"PropertyValueSpecification","valueRequired":true,"valueName":"search_term_string"}}],"inLanguage":"en-US"}]}},"jetpack_sharing_enabled":true,"_links":{"self":[{"href":"https:\/\/prochaindefi.com\/index.php\/wp-json\/wp\/v2\/pages\/525","targetHints":{"allow":["GET"]}}],"collection":[{"href":"https:\/\/prochaindefi.com\/index.php\/wp-json\/wp\/v2\/pages"}],"about":[{"href":"https:\/\/prochaindefi.com\/index.php\/wp-json\/wp\/v2\/types\/page"}],"author":[{"embeddable":true,"href":"https:\/\/prochaindefi.com\/index.php\/wp-json\/wp\/v2\/users\/1"}],"replies":[{"embeddable":true,"href":"https:\/\/prochaindefi.com\/index.php\/wp-json\/wp\/v2\/comments?post=525"}],"version-history":[{"count":10,"href":"https:\/\/prochaindefi.com\/index.php\/wp-json\/wp\/v2\/pages\/525\/revisions"}],"predecessor-version":[{"id":550,"href":"https:\/\/prochaindefi.com\/index.php\/wp-json\/wp\/v2\/pages\/525\/revisions\/550"}],"wp:attachment":[{"href":"https:\/\/prochaindefi.com\/index.php\/wp-json\/wp\/v2\/media?parent=525"}],"curies":[{"name":"wp","href":"https:\/\/api.w.org\/{rel}","templated":true}]}}