{"id":157,"date":"2020-01-09T22:03:08","date_gmt":"2020-01-09T21:03:08","guid":{"rendered":"http:\/\/prochaindefi.com\/?page_id=157"},"modified":"2020-01-24T17:55:20","modified_gmt":"2020-01-24T16:55:20","slug":"la-west-highland-trail-2020","status":"publish","type":"page","link":"https:\/\/prochaindefi.com\/index.php\/la-west-highland-trail-2020\/","title":{"rendered":"West Highland Way 2020"},"content":{"rendered":"\n<figure class=\"wp-block-embed-facebook aligncenter wp-block-embed is-type-video is-provider-facebook\"><div class=\"wp-block-embed__wrapper\">\n<div class=\"fb-video\" data-allowfullscreen=\"true\" data-href=\"https:\/\/www.facebook.com\/mywesthighlandway\/videos\/181611873224838\/\" style=\"background-color: #fff; display: inline-block;\"><\/div>\n<\/div><\/figure>\n\n\n\n<div class=\"wp-block-image\"><figure class=\"aligncenter size-large is-resized\"><img loading=\"lazy\" decoding=\"async\" src=\"https:\/\/prochaindefi.com\/wp-content\/uploads\/2020\/01\/krisjanis-mezulis-__E07WwlywA-unsplash-1024x683.jpg\" alt=\"\" class=\"wp-image-251\" width=\"639\" height=\"425\" srcset=\"https:\/\/prochaindefi.com\/wp-content\/uploads\/2020\/01\/krisjanis-mezulis-__E07WwlywA-unsplash-1024x683.jpg 1024w, https:\/\/prochaindefi.com\/wp-content\/uploads\/2020\/01\/krisjanis-mezulis-__E07WwlywA-unsplash-300x200.jpg 300w, https:\/\/prochaindefi.com\/wp-content\/uploads\/2020\/01\/krisjanis-mezulis-__E07WwlywA-unsplash-768x512.jpg 768w, https:\/\/prochaindefi.com\/wp-content\/uploads\/2020\/01\/krisjanis-mezulis-__E07WwlywA-unsplash-1536x1024.jpg 1536w, https:\/\/prochaindefi.com\/wp-content\/uploads\/2020\/01\/krisjanis-mezulis-__E07WwlywA-unsplash-2048x1365.jpg 2048w\" sizes=\"auto, (max-width: 639px) 100vw, 639px\" \/><\/figure><\/div>\n\n\n\n<div class=\"wp-block-image\"><figure class=\"alignright size-large is-resized\"><img loading=\"lazy\" decoding=\"async\" src=\"https:\/\/prochaindefi.com\/wp-content\/uploads\/2020\/01\/Capture-d\u2019e\u0301cran-le-2020-01-16-a\u0300-20.16.31.png\" alt=\"\" class=\"wp-image-232\" width=\"231\" height=\"223\" srcset=\"https:\/\/prochaindefi.com\/wp-content\/uploads\/2020\/01\/Capture-d\u2019e\u0301cran-le-2020-01-16-a\u0300-20.16.31.png 484w, https:\/\/prochaindefi.com\/wp-content\/uploads\/2020\/01\/Capture-d\u2019e\u0301cran-le-2020-01-16-a\u0300-20.16.31-300x289.png 300w\" sizes=\"auto, (max-width: 231px) 100vw, 231px\" \/><\/figure><\/div>\n\n\n\n<p>La West Highland Way est un itin\u00e9raire de 155 km (4096m D+ et 4130 de D-) qui coommence \u00e0 Milngavie, au nord de Glasgow et se termine \u00e0 Fort William dans les Highlands \u00e9cossaises. Il fait partie des Grands Sentiers officiels \u00e9cossais. Le parcours offre des paysages \u00e0 couper le souffle au coeur des Highlands et est consid\u00e9r\u00e9 comme l&#8217;une des plus c\u00e9l\u00e8bres randonn\u00e9es longue distance au monde. Cr\u00e9e en 1980, il \u00e9tait \u00e0 l&#8217;\u00e9poque le premier sentier d&#8217;une telle longueur en Ecosse et il fait d\u00e9sormais partie du Sentier International des Appalaches.<\/p>\n\n\n\n<p>Il est d&#8217;usage d&#8217;emprunter le circuit du sud au nord. Les premi\u00e8res sections, plus faciles, constituent une pr\u00e9paration utile pour les sections plus exigeantes situ\u00e9es au nord.<\/p>\n\n\n\n<div class=\"wp-block-image\"><figure class=\"aligncenter size-large\"><img loading=\"lazy\" decoding=\"async\" width=\"1024\" height=\"395\" src=\"https:\/\/prochaindefi.com\/wp-content\/uploads\/2020\/01\/sorin-tudorut-lhah6lFnims-unsplash-1024x395.jpg\" alt=\"\" class=\"wp-image-252\" srcset=\"https:\/\/prochaindefi.com\/wp-content\/uploads\/2020\/01\/sorin-tudorut-lhah6lFnims-unsplash-1024x395.jpg 1024w, https:\/\/prochaindefi.com\/wp-content\/uploads\/2020\/01\/sorin-tudorut-lhah6lFnims-unsplash-300x116.jpg 300w, https:\/\/prochaindefi.com\/wp-content\/uploads\/2020\/01\/sorin-tudorut-lhah6lFnims-unsplash-768x297.jpg 768w, https:\/\/prochaindefi.com\/wp-content\/uploads\/2020\/01\/sorin-tudorut-lhah6lFnims-unsplash-1536x593.jpg 1536w, https:\/\/prochaindefi.com\/wp-content\/uploads\/2020\/01\/sorin-tudorut-lhah6lFnims-unsplash-2048x791.jpg 2048w\" sizes=\"auto, (max-width: 767px) 89vw, (max-width: 1000px) 54vw, (max-width: 1071px) 543px, 580px\" \/><figcaption>Le mont Ben Nevis en fond.<\/figcaption><\/figure><\/div>\n\n\n\n<p>L&#8217;\u00e9quipe du Prochain D\u00e9fi y sera du 05 au 10 juillet avec une distance de marche moyenne de 26-30km par jour. La dur\u00e9e de marche moyenne, bien qu&#8217;en dessous du GR20, ne devrait pas nous laisser beaucoup de temps mort puisque nous serons en route entre 5 et 8h par jour. Toujours pour la cause de l&#8217;\u00e9ducation inclusive au profit de Handicap International.<\/p>\n","protected":false},"excerpt":{"rendered":"<p>La West Highland Way est un itin\u00e9raire de 155 km (4096m D+ et 4130 de D-) qui coommence \u00e0 Milngavie, au nord de Glasgow et se termine \u00e0 Fort William dans les Highlands \u00e9cossaises. Il fait partie des Grands Sentiers officiels \u00e9cossais. Le parcours offre des paysages \u00e0 couper le souffle au coeur des Highlands &hellip; <\/p>\n<p class=\"link-more\"><a href=\"https:\/\/prochaindefi.com\/index.php\/la-west-highland-trail-2020\/\" class=\"more-link\">Continue reading<span class=\"screen-reader-text\"> &#8220;West Highland Way 2020&#8221;<\/span><\/a><\/p>\n","protected":false},"author":1,"featured_media":0,"parent":0,"menu_order":0,"comment_status":"closed","ping_status":"closed","template":"","meta":{"footnotes":""},"class_list":["post-157","page","type-page","status-publish","hentry"],"yoast_head":"<!-- This site is optimized with the Yoast SEO plugin v27.4 - https:\/\/yoast.com\/product\/yoast-seo-wordpress\/ -->\n<title>West Highland Way 2020 - Le Prochain D\u00e9fi<\/title>\n<meta name=\"robots\" content=\"index, follow, max-snippet:-1, max-image-preview:large, max-video-preview:-1\" \/>\n<link rel=\"canonical\" href=\"https:\/\/prochaindefi.com\/index.php\/la-west-highland-trail-2020\/\" \/>\n<meta property=\"og:locale\" content=\"en_US\" \/>\n<meta property=\"og:type\" content=\"article\" \/>\n<meta property=\"og:title\" content=\"West Highland Way 2020 - Le Prochain D\u00e9fi\" \/>\n<meta property=\"og:description\" content=\"La West Highland Way est un itin\u00e9raire de 155 km (4096m D+ et 4130 de D-) qui coommence \u00e0 Milngavie, au nord de Glasgow et se termine \u00e0 Fort William dans les Highlands \u00e9cossaises. Il fait partie des Grands Sentiers officiels \u00e9cossais. Le parcours offre des paysages \u00e0 couper le souffle au coeur des Highlands &hellip; Continue reading &quot;West Highland Way 2020&quot;\" \/>\n<meta property=\"og:url\" content=\"https:\/\/prochaindefi.com\/index.php\/la-west-highland-trail-2020\/\" \/>\n<meta property=\"og:site_name\" content=\"Le Prochain D\u00e9fi\" \/>\n<meta property=\"article:modified_time\" content=\"2020-01-24T16:55:20+00:00\" \/>\n<meta property=\"og:image\" content=\"https:\/\/prochaindefi.com\/wp-content\/uploads\/2020\/01\/krisjanis-mezulis-__E07WwlywA-unsplash-1024x683.jpg\" \/>\n<meta name=\"twitter:card\" content=\"summary_large_image\" \/>\n<meta name=\"twitter:label1\" content=\"Est. reading time\" \/>\n\t<meta name=\"twitter:data1\" content=\"1 minute\" \/>\n<script type=\"application\/ld+json\" class=\"yoast-schema-graph\">{\"@context\":\"https:\\\/\\\/schema.org\",\"@graph\":[{\"@type\":\"WebPage\",\"@id\":\"https:\\\/\\\/prochaindefi.com\\\/index.php\\\/la-west-highland-trail-2020\\\/\",\"url\":\"https:\\\/\\\/prochaindefi.com\\\/index.php\\\/la-west-highland-trail-2020\\\/\",\"name\":\"West Highland Way 2020 - Le Prochain D\u00e9fi\",\"isPartOf\":{\"@id\":\"https:\\\/\\\/prochaindefi.com\\\/#website\"},\"primaryImageOfPage\":{\"@id\":\"https:\\\/\\\/prochaindefi.com\\\/index.php\\\/la-west-highland-trail-2020\\\/#primaryimage\"},\"image\":{\"@id\":\"https:\\\/\\\/prochaindefi.com\\\/index.php\\\/la-west-highland-trail-2020\\\/#primaryimage\"},\"thumbnailUrl\":\"https:\\\/\\\/prochaindefi.com\\\/wp-content\\\/uploads\\\/2020\\\/01\\\/krisjanis-mezulis-__E07WwlywA-unsplash-1024x683.jpg\",\"datePublished\":\"2020-01-09T21:03:08+00:00\",\"dateModified\":\"2020-01-24T16:55:20+00:00\",\"breadcrumb\":{\"@id\":\"https:\\\/\\\/prochaindefi.com\\\/index.php\\\/la-west-highland-trail-2020\\\/#breadcrumb\"},\"inLanguage\":\"en-US\",\"potentialAction\":[{\"@type\":\"ReadAction\",\"target\":[\"https:\\\/\\\/prochaindefi.com\\\/index.php\\\/la-west-highland-trail-2020\\\/\"]}]},{\"@type\":\"ImageObject\",\"inLanguage\":\"en-US\",\"@id\":\"https:\\\/\\\/prochaindefi.com\\\/index.php\\\/la-west-highland-trail-2020\\\/#primaryimage\",\"url\":\"https:\\\/\\\/prochaindefi.com\\\/wp-content\\\/uploads\\\/2020\\\/01\\\/krisjanis-mezulis-__E07WwlywA-unsplash-scaled.jpg\",\"contentUrl\":\"https:\\\/\\\/prochaindefi.com\\\/wp-content\\\/uploads\\\/2020\\\/01\\\/krisjanis-mezulis-__E07WwlywA-unsplash-scaled.jpg\",\"width\":2560,\"height\":1707},{\"@type\":\"BreadcrumbList\",\"@id\":\"https:\\\/\\\/prochaindefi.com\\\/index.php\\\/la-west-highland-trail-2020\\\/#breadcrumb\",\"itemListElement\":[{\"@type\":\"ListItem\",\"position\":1,\"name\":\"Accueil\",\"item\":\"https:\\\/\\\/prochaindefi.com\\\/\"},{\"@type\":\"ListItem\",\"position\":2,\"name\":\"West Highland Way 2020\"}]},{\"@type\":\"WebSite\",\"@id\":\"https:\\\/\\\/prochaindefi.com\\\/#website\",\"url\":\"https:\\\/\\\/prochaindefi.com\\\/\",\"name\":\"Le Prochain D\u00e9fi\",\"description\":\"Une aventure sportive et solidaire  in\u00e9dite.\",\"potentialAction\":[{\"@type\":\"SearchAction\",\"target\":{\"@type\":\"EntryPoint\",\"urlTemplate\":\"https:\\\/\\\/prochaindefi.com\\\/?s={search_term_string}\"},\"query-input\":{\"@type\":\"PropertyValueSpecification\",\"valueRequired\":true,\"valueName\":\"search_term_string\"}}],\"inLanguage\":\"en-US\"}]}<\/script>\n<!-- \/ Yoast SEO plugin. -->","yoast_head_json":{"title":"West Highland Way 2020 - Le Prochain D\u00e9fi","robots":{"index":"index","follow":"follow","max-snippet":"max-snippet:-1","max-image-preview":"max-image-preview:large","max-video-preview":"max-video-preview:-1"},"canonical":"https:\/\/prochaindefi.com\/index.php\/la-west-highland-trail-2020\/","og_locale":"en_US","og_type":"article","og_title":"West Highland Way 2020 - Le Prochain D\u00e9fi","og_description":"La West Highland Way est un itin\u00e9raire de 155 km (4096m D+ et 4130 de D-) qui coommence \u00e0 Milngavie, au nord de Glasgow et se termine \u00e0 Fort William dans les Highlands \u00e9cossaises. Il fait partie des Grands Sentiers officiels \u00e9cossais. Le parcours offre des paysages \u00e0 couper le souffle au coeur des Highlands &hellip; Continue reading \"West Highland Way 2020\"","og_url":"https:\/\/prochaindefi.com\/index.php\/la-west-highland-trail-2020\/","og_site_name":"Le Prochain D\u00e9fi","article_modified_time":"2020-01-24T16:55:20+00:00","og_image":[{"url":"https:\/\/prochaindefi.com\/wp-content\/uploads\/2020\/01\/krisjanis-mezulis-__E07WwlywA-unsplash-1024x683.jpg","type":"","width":"","height":""}],"twitter_card":"summary_large_image","twitter_misc":{"Est. reading time":"1 minute"},"schema":{"@context":"https:\/\/schema.org","@graph":[{"@type":"WebPage","@id":"https:\/\/prochaindefi.com\/index.php\/la-west-highland-trail-2020\/","url":"https:\/\/prochaindefi.com\/index.php\/la-west-highland-trail-2020\/","name":"West Highland Way 2020 - Le Prochain D\u00e9fi","isPartOf":{"@id":"https:\/\/prochaindefi.com\/#website"},"primaryImageOfPage":{"@id":"https:\/\/prochaindefi.com\/index.php\/la-west-highland-trail-2020\/#primaryimage"},"image":{"@id":"https:\/\/prochaindefi.com\/index.php\/la-west-highland-trail-2020\/#primaryimage"},"thumbnailUrl":"https:\/\/prochaindefi.com\/wp-content\/uploads\/2020\/01\/krisjanis-mezulis-__E07WwlywA-unsplash-1024x683.jpg","datePublished":"2020-01-09T21:03:08+00:00","dateModified":"2020-01-24T16:55:20+00:00","breadcrumb":{"@id":"https:\/\/prochaindefi.com\/index.php\/la-west-highland-trail-2020\/#breadcrumb"},"inLanguage":"en-US","potentialAction":[{"@type":"ReadAction","target":["https:\/\/prochaindefi.com\/index.php\/la-west-highland-trail-2020\/"]}]},{"@type":"ImageObject","inLanguage":"en-US","@id":"https:\/\/prochaindefi.com\/index.php\/la-west-highland-trail-2020\/#primaryimage","url":"https:\/\/prochaindefi.com\/wp-content\/uploads\/2020\/01\/krisjanis-mezulis-__E07WwlywA-unsplash-scaled.jpg","contentUrl":"https:\/\/prochaindefi.com\/wp-content\/uploads\/2020\/01\/krisjanis-mezulis-__E07WwlywA-unsplash-scaled.jpg","width":2560,"height":1707},{"@type":"BreadcrumbList","@id":"https:\/\/prochaindefi.com\/index.php\/la-west-highland-trail-2020\/#breadcrumb","itemListElement":[{"@type":"ListItem","position":1,"name":"Accueil","item":"https:\/\/prochaindefi.com\/"},{"@type":"ListItem","position":2,"name":"West Highland Way 2020"}]},{"@type":"WebSite","@id":"https:\/\/prochaindefi.com\/#website","url":"https:\/\/prochaindefi.com\/","name":"Le Prochain D\u00e9fi","description":"Une aventure sportive et solidaire  in\u00e9dite.","potentialAction":[{"@type":"SearchAction","target":{"@type":"EntryPoint","urlTemplate":"https:\/\/prochaindefi.com\/?s={search_term_string}"},"query-input":{"@type":"PropertyValueSpecification","valueRequired":true,"valueName":"search_term_string"}}],"inLanguage":"en-US"}]}},"jetpack_sharing_enabled":true,"_links":{"self":[{"href":"https:\/\/prochaindefi.com\/index.php\/wp-json\/wp\/v2\/pages\/157","targetHints":{"allow":["GET"]}}],"collection":[{"href":"https:\/\/prochaindefi.com\/index.php\/wp-json\/wp\/v2\/pages"}],"about":[{"href":"https:\/\/prochaindefi.com\/index.php\/wp-json\/wp\/v2\/types\/page"}],"author":[{"embeddable":true,"href":"https:\/\/prochaindefi.com\/index.php\/wp-json\/wp\/v2\/users\/1"}],"replies":[{"embeddable":true,"href":"https:\/\/prochaindefi.com\/index.php\/wp-json\/wp\/v2\/comments?post=157"}],"version-history":[{"count":7,"href":"https:\/\/prochaindefi.com\/index.php\/wp-json\/wp\/v2\/pages\/157\/revisions"}],"predecessor-version":[{"id":274,"href":"https:\/\/prochaindefi.com\/index.php\/wp-json\/wp\/v2\/pages\/157\/revisions\/274"}],"wp:attachment":[{"href":"https:\/\/prochaindefi.com\/index.php\/wp-json\/wp\/v2\/media?parent=157"}],"curies":[{"name":"wp","href":"https:\/\/api.w.org\/{rel}","templated":true}]}}