{"id":11,"date":"2020-01-07T22:04:49","date_gmt":"2020-01-07T21:04:49","guid":{"rendered":"http:\/\/prochaindefi.com\/?page_id=11"},"modified":"2021-05-11T17:12:34","modified_gmt":"2021-05-11T15:12:34","slug":"blog","status":"publish","type":"page","link":"https:\/\/prochaindefi.com\/index.php\/blog\/","title":{"rendered":"\u00c9quipe(s)"},"content":{"rendered":"\n<p><strong>Quand solidarit\u00e9 &amp; g\u00e9n\u00e9rosit\u00e9 riment avec amiti\u00e9 !<\/strong><\/p>\n\n\n\n<p>Voil\u00e0 un peu plus de 25 ans que  nous nous connaissons, et que nous nous voyons \u00e0 intervalles vraiment&#8230; irr\u00e9guliers.  Heureusement, ce que nous partageons a toujours \u00e9t\u00e9 bien plus fort que ce qui nous s\u00e9pare.  Ce qui nous r\u00e9unit c&#8217;est avant tout un m\u00eame \u00e9tat d&#8217;esprit de libert\u00e9, de connivence et de bienveillance.  C&#8217;est cet \u00e9tat d&#8217;esprit qui nous a port\u00e9 lorsque nous \u00e9tions \u00e9tudiants ensemble et que nous continuons de perp\u00e9tuer au travers nos actions avec nos proches et dans notre vie en g\u00e9n\u00e9ral.  <\/p>\n\n\n\n<p>Alors oui,  parfois plus de 20 ans (!) se sont \u00e9coul\u00e9s sans que la vie nous ait fourni l&#8217;occasion de se retrouver.  Hormis quelques trop rares moments festifs (comme le <a href=\"http:\/\/padel-attitude.com\/\" target=\"_blank\" rel=\"noreferrer noopener\" aria-label=\"Padel de Noel  (s\u2019ouvre dans un nouvel onglet)\">Padel de Noel <\/a>pour ceux ayant de la famille en Hauts de France), nous \u00e9tions absorb\u00e9s dans notre vie quotidienne et la vie suivait inlassablement son cours.<\/p>\n\n\n\n<div class=\"wp-block-image\"><figure class=\"aligncenter size-large\"><img loading=\"lazy\" decoding=\"async\" width=\"855\" height=\"500\" src=\"https:\/\/prochaindefi.com\/wp-content\/uploads\/2020\/01\/image.png\" alt=\"\" class=\"wp-image-263\" srcset=\"https:\/\/prochaindefi.com\/wp-content\/uploads\/2020\/01\/image.png 855w, https:\/\/prochaindefi.com\/wp-content\/uploads\/2020\/01\/image-300x175.png 300w, https:\/\/prochaindefi.com\/wp-content\/uploads\/2020\/01\/image-768x449.png 768w\" sizes=\"auto, (max-width: 767px) 89vw, (max-width: 1000px) 54vw, (max-width: 1071px) 543px, 580px\" \/><figcaption>Padel de Noel 2016, \u00e0 Lille Lesquin.  Les chapons et les champions de Padel se r\u00e9unissent.<\/figcaption><\/figure><\/div>\n\n\n\n<p>En juillet 2017, en pleine crise de la quarantaine vraisemblablement, mais aussi avec la certitude qu\u2019il y a des combats dans la vie pour lesquels on n\u2019a pas le droit de baisser les bras et sur lesquels seule la mobilisation et la sensibilisation aidera \u00e0 faire une diff\u00e9rence pour la diff\u00e9rence, <a href=\"https:\/\/prochaindefi.com\/index.php\/2020\/01\/09\/christophe-masson\/\">Christophe <\/a>d\u00e9cide d&#8217;allumer une m\u00e8che. Il sera l&#8217;\u00e9tincelle de cette initiative du Prochain D\u00e9fi. Juillet 2017 est la date o\u00f9 son fils Gaspard a re\u00e7u un diagnostic d&#8217;autisme. Bien que pas forc\u00e9ment convaincu qu&#8217;il s&#8217;agisse d&#8217;autisme, il \u00e9tait \u00e9vident que Gaspard pr\u00e9sentait des d\u00e9fis d&#8217;apprentissage. On ne sait jamais v\u00e9ritablement \u00e0 quel point on est fort, tant qu&#8217;on est pas confront\u00e9s \u00e0 l&#8217;adversit\u00e9 ou dit autrement : <strong>une mer calme n&#8217;a jamais fait un bon marin<\/strong>. Moins de 2 ans plus tard, r\u00e9pondant \u00e0 l&#8217;appel, la premi\u00e8re team du Prochain D\u00e9fi se mobilisait des 4 coins du monde pour l&#8217;\u00e9ducation inclusive et <a href=\"https:\/\/prochaindefi.com\/index.php\/2020\/01\/09\/team-2019\/\">8 gars<\/a> se retrouvaient en Corse pour parcourir le <a href=\"https:\/\/prochaindefi.com\/index.php\/2020\/01\/08\/elementor-57\/\">GR20<\/a> et lever des fonds pour permettre aux enfants avec un handicap d&#8217;acc\u00e9der \u00e0 une scolarit\u00e9 normale. Pr\u00e8s de 8000$ ont \u00e9t\u00e9 collect\u00e9s.<\/p>\n\n\n\n<p> Alors que la team du Prochain D\u00e9fi s&#8217;est \u00e9largi en accueillant 3 nouveaux comp\u00e8res en 2021, le choix est fait de diversifier notre soutien \u00e0 d&#8217;autres associations, toujours avec l&#8217;inclusion en bandouli\u00e8re. Nous avons port\u00e9 notre choix sur Autisme Ambition Avenir dont l&#8217;\u00e9quipe se mobilise pour <strong>proposer un accompagnement pluridisciplinaire, coordonner et former des professionnels, travailler sur tous les lieux de vie de la personne avec autisme, cr\u00e9er un lieu de rencontre et d&#8217;\u00e9change avec les familles, sensibiliser le grand public<\/strong><\/p>\n\n\n\n<div class=\"wp-block-image\"><figure class=\"aligncenter size-large is-resized\"><img loading=\"lazy\" decoding=\"async\" src=\"https:\/\/prochaindefi.com\/wp-content\/uploads\/2020\/01\/15-1024x769.jpg\" alt=\"\" class=\"wp-image-189\" width=\"446\" height=\"336\" srcset=\"https:\/\/prochaindefi.com\/wp-content\/uploads\/2020\/01\/15-1024x769.jpg 1024w, https:\/\/prochaindefi.com\/wp-content\/uploads\/2020\/01\/15-300x225.jpg 300w, https:\/\/prochaindefi.com\/wp-content\/uploads\/2020\/01\/15-768x577.jpg 768w, https:\/\/prochaindefi.com\/wp-content\/uploads\/2020\/01\/15-1536x1154.jpg 1536w, https:\/\/prochaindefi.com\/wp-content\/uploads\/2020\/01\/15.jpg 1600w\" sizes=\"auto, (max-width: 446px) 100vw, 446px\" \/><figcaption>La veille du d\u00e9part sur les entiers du GR20 depuis Calenzana. Le lancement officiel de l&#8217;aventure ! <\/figcaption><\/figure><\/div>\n\n\n\n<p>Se revoir, m\u00eame apr\u00e8s 20 ans avec ces amis l\u00e0, c&#8217;est comme poursuivre la discussion (ou l&#8217;engueulade) de la veille au soir . C&#8217;est assez in\u00e9dit comme confr\u00e9rie ! Il y a une vraie fluidit\u00e9 et ce fut donc  un privil\u00e8ge immense que de pouvoir passer \u00e0 nouveau 1 semaine compl\u00e8te, coup\u00e9s du monde, rassembl\u00e9s sous le ciel \u00e9toil\u00e9 corse dans cet esprit de solidarit\u00e9, d&#8217;aventure et relevant, nous aussi, notre d\u00e9fi pour venir en aide aux enfants.  On en a chi\u00e9 mais \u00e7a c&#8217;est une histoire que vous pourrez retrouver <a href=\"https:\/\/prochaindefi.com\/index.php\/2020\/01\/08\/elementor-57\/\">ici. <\/a><\/p>\n\n\n\n<p>Notre initiative du GR20 en Corse a permis de collecter pr\u00e8s de 8000 $ CAD (<a href=\"https:\/\/prochaindefi.com\/index.php\/2020\/01\/09\/christophe-masson\/\">Christophe<\/a> travaille pour l&#8217;ONG <a aria-label=\"Handicap International \u00e0 Montr\u00e9al (s\u2019ouvre dans un nouvel onglet)\" href=\"https:\/\/hi-canada.org\" target=\"_blank\" rel=\"noreferrer noopener\">Handicap International \u00e0 Montr\u00e9al<\/a>) gr\u00e2ce  \u00e0 84 contributeurs de 15 pays diff\u00e9rents.  Faisons encore mieux pour AAA !<\/p>\n\n\n<style>\r\n\r\n#wpsm_counter_b_row_260 .wpsm_counterbox\r\n{\r\n\ttext-align:center;\r\n\tmargin-top:50px;\r\n\tmargin-bottom:50px;\r\n}\r\n#wpsm_counter_b_row_260 .wpsm_counterbox .wpsm_count-icon{\r\n\tdisplay:block;\r\n\tmargin-top:20px;\r\n\tpadding-top:0px;\r\n\tpadding-bottom:0px;\r\n\tmargin-bottom:0px;\r\n\tmargin:0 auto;\r\n}\r\n#wpsm_counter_b_row_260 .wpsm_counterbox .wpsm_count-icon i{\r\n\tfont-size:20px;\r\n\tcolor:#000000;\r\n}\r\n#wpsm_counter_b_row_260 .wpsm_counterbox .wpsm_number{\r\n\tfont-size:20px;\r\n\tfont-weight:300;\r\n\tcolor:#1e73be;\r\n\tfont-family:'Verdana';\r\n\tletter-spacing:2px;\r\n\tmargin-top:20px;\r\n\tline-height: 1.3em;\r\n\tpadding-top:0px;\r\n\tpadding-bottom:0px;\r\n\tmargin-bottom:0px;\r\n}\r\n#wpsm_counter_b_row_260 .wpsm_counterbox .wpsm_count-title{\r\n    font-size:16px;\r\n\tfont-weight:bolder;\r\n\tfont-family:'Verdana';\r\n\tletter-spacing:2px;\r\n    color: #000000;\r\n\tfont-weight:300;\r\n\tmargin-top:20px;\r\n\tpadding-top:0px;\r\n\tpadding-bottom:0px;\r\n\tmargin-bottom:0px;\r\n\tline-height: 1.3em;\r\n}\r\n\r\n<\/style> \r\n\t\t \r\n\t\t\r\n\t\t<style>\r\n\t\t#wpsm_counter_b_row_260\t\t\t{\r\n\t\t\t\t\r\n\t\t\t\tposition:relative;\r\n\t\t\t\twidth:100%;\r\n\t\t\t\toverflow:hidden;\r\n\t\t\t\ttext-align:center;\r\n\t\t\t}\r\n\t\t\t \r\n\t\t\t#wpsm_counter_b_row_260 .wpsm_row{\r\n\t\t\toverflow:hidden;\r\n\t\t\tdisplay:block;\r\n\t\t\twidth:100%;\r\n\t\t\t} \r\n\t\t\t \r\n\t\t\t#wpsm_counter_b_row_260 .wpsm_row{\r\n\t\t\toverflow:visible;\r\n\t\t\t} \r\n\t\t\t \r\n\t\t\t#wpsm_counter_b_row_260 .wpsm_counterbox .wpsm_count-title{\r\n\t\t\tmin-height:56px;\r\n\t\t\t}}\r\n\t\t\t \r\n\t\t<\/style>\r\n\t\t\r\n\t\t<div class=\"wpsm_counter_b_row\" id=\"wpsm_counter_b_row_260\">\r\n\t\t\t<div>\r\n\t\t\t\t<div class=\"wpsm_row\">\r\n\t\t\r\n\t\t\t\t\t\t<div class=\"wpsm_col-md-4 wpsm_col-sm-6\">\r\n\t\t\t\t\t<div class=\"wpsm_counterbox\">\r\n\t\t\t\t\t\t \r\n\t\t\t\t\t\t<div class=\"wpsm_count-icon\"><i #000000 class=\"fa fa-flag\"><\/i><\/div>\r\n\t\t\t\t\t\t\t\t\t\t\t\t<div class=\"wpsm_number\" style=\"#1e73be\" >\r\n\t\t\t\t\t\t   <span class=\"counter\">84\t\t\t\t\t\t   <\/span>\r\n\t\t\t\t\t\t    \r\n\t\t\t\t\t    <\/div>\r\n\t\t\t\t\t\t<h3 class=\"wpsm_count-title\" #000000> Contributeurs<\/h3>\r\n\t\t\t\t\t\t \r\n\t\t\t\t\t<\/div>\r\n\t\t\t\t<\/div>\r\n\t\t\t\t\t\t\t\t\t<div class=\"wpsm_col-md-4 wpsm_col-sm-6\">\r\n\t\t\t\t\t<div class=\"wpsm_counterbox\">\r\n\t\t\t\t\t\t \r\n\t\t\t\t\t\t<div class=\"wpsm_count-icon\"><i #000000 class=\"fa fa-dollar\"><\/i><\/div>\r\n\t\t\t\t\t\t\t\t\t\t\t\t<div class=\"wpsm_number\" style=\"#1e73be\" >\r\n\t\t\t\t\t\t   <span class=\"counter\">8000\t\t\t\t\t\t   <\/span>\r\n\t\t\t\t\t\t    \r\n\t\t\t\t\t    <\/div>\r\n\t\t\t\t\t\t<h3 class=\"wpsm_count-title\" #000000> Montant collect\u00e9<\/h3>\r\n\t\t\t\t\t\t \r\n\t\t\t\t\t<\/div>\r\n\t\t\t\t<\/div>\r\n\t\t\t\t\t\t\t\t\t<div class=\"wpsm_col-md-4 wpsm_col-sm-6\">\r\n\t\t\t\t\t<div class=\"wpsm_counterbox\">\r\n\t\t\t\t\t\t \r\n\t\t\t\t\t\t<div class=\"wpsm_count-icon\"><i #000000 class=\"fa fa-graduation-cap\"><\/i><\/div>\r\n\t\t\t\t\t\t\t\t\t\t\t\t<div class=\"wpsm_number\" style=\"#1e73be\" >\r\n\t\t\t\t\t\t   <span class=\"counter\">114\t\t\t\t\t\t   <\/span>\r\n\t\t\t\t\t\t    \r\n\t\t\t\t\t    <\/div>\r\n\t\t\t\t\t\t<h3 class=\"wpsm_count-title\" #000000> Enfants accompagn\u00e9s<\/h3>\r\n\t\t\t\t\t\t \r\n\t\t\t\t\t<\/div>\r\n\t\t\t\t<\/div>\r\n\t\t\t\t\t\t<\/div>\r\n\t\t\t<div class=\"wpsm_row\">\r\n\t\t\t\t\t\t\t\t<div class=\"wpsm_col-md-4 wpsm_col-sm-6\">\r\n\t\t\t\t\t<div class=\"wpsm_counterbox\">\r\n\t\t\t\t\t\t \r\n\t\t\t\t\t\t<div class=\"wpsm_count-icon\"><i #000000 class=\"fa fa-map-signs\"><\/i><\/div>\r\n\t\t\t\t\t\t\t\t\t\t\t\t<div class=\"wpsm_number\" style=\"#1e73be\" >\r\n\t\t\t\t\t\t   <span class=\"counter\">105\t\t\t\t\t\t   <\/span>\r\n\t\t\t\t\t\t    \r\n\t\t\t\t\t    <\/div>\r\n\t\t\t\t\t\t<h3 class=\"wpsm_count-title\" #000000> km parcourus<\/h3>\r\n\t\t\t\t\t\t \r\n\t\t\t\t\t<\/div>\r\n\t\t\t\t<\/div>\r\n\t\t\t\t\t\t\t\t\t<div class=\"wpsm_col-md-4 wpsm_col-sm-6\">\r\n\t\t\t\t\t<div class=\"wpsm_counterbox\">\r\n\t\t\t\t\t\t \r\n\t\t\t\t\t\t<div class=\"wpsm_count-icon\"><i #000000 class=\"fa fa-beer\"><\/i><\/div>\r\n\t\t\t\t\t\t\t\t\t\t\t\t<div class=\"wpsm_number\" style=\"#1e73be\" >\r\n\t\t\t\t\t\t   <span class=\"counter\">25\t\t\t\t\t\t   <\/span>\r\n\t\t\t\t\t\t    \r\n\t\t\t\t\t    <\/div>\r\n\t\t\t\t\t\t<h3 class=\"wpsm_count-title\" #000000> litres de Pietra <\/h3>\r\n\t\t\t\t\t\t \r\n\t\t\t\t\t<\/div>\r\n\t\t\t\t<\/div>\r\n\t\t\t\t\t\t\t\t\t<div class=\"wpsm_col-md-4 wpsm_col-sm-6\">\r\n\t\t\t\t\t<div class=\"wpsm_counterbox\">\r\n\t\t\t\t\t\t \r\n\t\t\t\t\t\t<div class=\"wpsm_count-icon\"><i #000000 class=\"fa fa-whatsapp\"><\/i><\/div>\r\n\t\t\t\t\t\t\t\t\t\t\t\t<div class=\"wpsm_number\" style=\"#1e73be\" >\r\n\t\t\t\t\t\t   <span class=\"counter\">397\t\t\t\t\t\t   <\/span>\r\n\t\t\t\t\t\t    \r\n\t\t\t\t\t    <\/div>\r\n\t\t\t\t\t\t<h3 class=\"wpsm_count-title\" #000000> Messages \u00e9chang\u00e9s<\/h3>\r\n\t\t\t\t\t\t \r\n\t\t\t\t\t<\/div>\r\n\t\t\t\t<\/div>\r\n\t\t\t\t\t\t<\/div>\r\n\t\t\t<div class=\"wpsm_row\">\r\n\t\t\t\t\t\t\r\n\t\t\t<\/div>\t\t\t\t<\/div>\r\n\t\t<\/div>\r\n\t\t\r\n\t\n\n\n\n<div class=\"wp-block-media-text alignwide is-stacked-on-mobile\"><figure class=\"wp-block-media-text__media\"><video controls src=\"https:\/\/prochaindefi.com\/wp-content\/uploads\/2020\/01\/WhatsApp-Video-2020-01-24-at-12.34.16.mp4\"><\/video><\/figure><div class=\"wp-block-media-text__content\">\n<p class=\"has-normal-font-size\">La pr\u00e9paration du 30 juin au soir. A base de Pietra. Calenzana, Corse<\/p>\n<\/div><\/div>\n\n\n\n<p>En se quittant \u00e0 Ajaccio et en repartant aupr\u00e8s de nos proches, nous nous sommes fait la promesse de poursuivre l&#8217;aventure et d&#8217;\u00e9largir le groupe (dans une taille raisonnable) afin que ceux qui n&#8217;avaient pas pu venir en 2019 puissent \u00e9ventuellement se rattraper les ann\u00e9es suivantes.<\/p>\n\n\n\n<p>Et ce sera donc Mulhouse 2021 le 02 juillet prochain.<\/p>\n","protected":false},"excerpt":{"rendered":"<p>Quand solidarit\u00e9 &amp; g\u00e9n\u00e9rosit\u00e9 riment avec amiti\u00e9 ! Voil\u00e0 un peu plus de 25 ans que nous nous connaissons, et que nous nous voyons \u00e0 intervalles vraiment&#8230; irr\u00e9guliers. Heureusement, ce que nous partageons a toujours \u00e9t\u00e9 bien plus fort que ce qui nous s\u00e9pare. Ce qui nous r\u00e9unit c&#8217;est avant tout un m\u00eame \u00e9tat d&#8217;esprit &hellip; <\/p>\n<p class=\"link-more\"><a href=\"https:\/\/prochaindefi.com\/?p=260\" class=\"more-link\">Continue reading<span class=\"screen-reader-text\"> &#8220;Prochain D\u00e9fi&#8221;<\/span><\/a><\/p>\n","protected":false},"author":1,"featured_media":181,"parent":0,"menu_order":0,"comment_status":"closed","ping_status":"closed","template":"","meta":{"footnotes":""},"class_list":["post-11","page","type-page","status-publish","has-post-thumbnail","hentry"],"yoast_head":"<!-- This site is optimized with the Yoast SEO plugin v27.4 - https:\/\/yoast.com\/product\/yoast-seo-wordpress\/ -->\n<title>\u00c9quipe(s) - Le Prochain D\u00e9fi<\/title>\n<meta name=\"robots\" content=\"index, follow, max-snippet:-1, max-image-preview:large, max-video-preview:-1\" \/>\n<link rel=\"canonical\" href=\"https:\/\/prochaindefi.com\/index.php\/blog\/\" \/>\n<meta property=\"og:locale\" content=\"en_US\" \/>\n<meta property=\"og:type\" content=\"article\" \/>\n<meta property=\"og:title\" content=\"\u00c9quipe(s) - Le Prochain D\u00e9fi\" \/>\n<meta property=\"og:description\" content=\"Quand solidarit\u00e9 &amp; g\u00e9n\u00e9rosit\u00e9 riment avec amiti\u00e9 ! Voil\u00e0 un peu plus de 25 ans que nous nous connaissons, et que nous nous voyons \u00e0 intervalles vraiment&#8230; irr\u00e9guliers. Heureusement, ce que nous partageons a toujours \u00e9t\u00e9 bien plus fort que ce qui nous s\u00e9pare. Ce qui nous r\u00e9unit c&#8217;est avant tout un m\u00eame \u00e9tat d&#8217;esprit &hellip; Continue reading &quot;Prochain D\u00e9fi&quot;\" \/>\n<meta property=\"og:url\" content=\"https:\/\/prochaindefi.com\/index.php\/blog\/\" \/>\n<meta property=\"og:site_name\" content=\"Le Prochain D\u00e9fi\" \/>\n<meta property=\"article:modified_time\" content=\"2021-05-11T15:12:34+00:00\" \/>\n<meta property=\"og:image\" content=\"https:\/\/prochaindefi.com\/wp-content\/uploads\/2020\/01\/7.jpg\" \/>\n\t<meta property=\"og:image:width\" content=\"1632\" \/>\n\t<meta property=\"og:image:height\" content=\"1224\" \/>\n\t<meta property=\"og:image:type\" content=\"image\/jpeg\" \/>\n<meta name=\"twitter:card\" content=\"summary_large_image\" \/>\n<meta name=\"twitter:label1\" content=\"Est. reading time\" \/>\n\t<meta name=\"twitter:data1\" content=\"4 minutes\" \/>\n<script type=\"application\/ld+json\" class=\"yoast-schema-graph\">{\"@context\":\"https:\\\/\\\/schema.org\",\"@graph\":[{\"@type\":\"WebPage\",\"@id\":\"https:\\\/\\\/prochaindefi.com\\\/index.php\\\/blog\\\/\",\"url\":\"https:\\\/\\\/prochaindefi.com\\\/index.php\\\/blog\\\/\",\"name\":\"\u00c9quipe(s) - Le Prochain D\u00e9fi\",\"isPartOf\":{\"@id\":\"https:\\\/\\\/prochaindefi.com\\\/#website\"},\"primaryImageOfPage\":{\"@id\":\"https:\\\/\\\/prochaindefi.com\\\/index.php\\\/blog\\\/#primaryimage\"},\"image\":{\"@id\":\"https:\\\/\\\/prochaindefi.com\\\/index.php\\\/blog\\\/#primaryimage\"},\"thumbnailUrl\":\"https:\\\/\\\/prochaindefi.com\\\/wp-content\\\/uploads\\\/2020\\\/01\\\/7.jpg\",\"datePublished\":\"2020-01-07T21:04:49+00:00\",\"dateModified\":\"2021-05-11T15:12:34+00:00\",\"breadcrumb\":{\"@id\":\"https:\\\/\\\/prochaindefi.com\\\/index.php\\\/blog\\\/#breadcrumb\"},\"inLanguage\":\"en-US\",\"potentialAction\":[{\"@type\":\"ReadAction\",\"target\":[\"https:\\\/\\\/prochaindefi.com\\\/index.php\\\/blog\\\/\"]}]},{\"@type\":\"ImageObject\",\"inLanguage\":\"en-US\",\"@id\":\"https:\\\/\\\/prochaindefi.com\\\/index.php\\\/blog\\\/#primaryimage\",\"url\":\"https:\\\/\\\/prochaindefi.com\\\/wp-content\\\/uploads\\\/2020\\\/01\\\/7.jpg\",\"contentUrl\":\"https:\\\/\\\/prochaindefi.com\\\/wp-content\\\/uploads\\\/2020\\\/01\\\/7.jpg\",\"width\":1632,\"height\":1224},{\"@type\":\"BreadcrumbList\",\"@id\":\"https:\\\/\\\/prochaindefi.com\\\/index.php\\\/blog\\\/#breadcrumb\",\"itemListElement\":[{\"@type\":\"ListItem\",\"position\":1,\"name\":\"Accueil\",\"item\":\"https:\\\/\\\/prochaindefi.com\\\/\"},{\"@type\":\"ListItem\",\"position\":2,\"name\":\"\u00c9quipe(s)\"}]},{\"@type\":\"WebSite\",\"@id\":\"https:\\\/\\\/prochaindefi.com\\\/#website\",\"url\":\"https:\\\/\\\/prochaindefi.com\\\/\",\"name\":\"Le Prochain D\u00e9fi\",\"description\":\"Une aventure sportive et solidaire  in\u00e9dite.\",\"potentialAction\":[{\"@type\":\"SearchAction\",\"target\":{\"@type\":\"EntryPoint\",\"urlTemplate\":\"https:\\\/\\\/prochaindefi.com\\\/?s={search_term_string}\"},\"query-input\":{\"@type\":\"PropertyValueSpecification\",\"valueRequired\":true,\"valueName\":\"search_term_string\"}}],\"inLanguage\":\"en-US\"}]}<\/script>\n<!-- \/ Yoast SEO plugin. -->","yoast_head_json":{"title":"\u00c9quipe(s) - Le Prochain D\u00e9fi","robots":{"index":"index","follow":"follow","max-snippet":"max-snippet:-1","max-image-preview":"max-image-preview:large","max-video-preview":"max-video-preview:-1"},"canonical":"https:\/\/prochaindefi.com\/index.php\/blog\/","og_locale":"en_US","og_type":"article","og_title":"\u00c9quipe(s) - Le Prochain D\u00e9fi","og_description":"Quand solidarit\u00e9 &amp; g\u00e9n\u00e9rosit\u00e9 riment avec amiti\u00e9 ! Voil\u00e0 un peu plus de 25 ans que nous nous connaissons, et que nous nous voyons \u00e0 intervalles vraiment&#8230; irr\u00e9guliers. Heureusement, ce que nous partageons a toujours \u00e9t\u00e9 bien plus fort que ce qui nous s\u00e9pare. Ce qui nous r\u00e9unit c&#8217;est avant tout un m\u00eame \u00e9tat d&#8217;esprit &hellip; Continue reading \"Prochain D\u00e9fi\"","og_url":"https:\/\/prochaindefi.com\/index.php\/blog\/","og_site_name":"Le Prochain D\u00e9fi","article_modified_time":"2021-05-11T15:12:34+00:00","og_image":[{"width":1632,"height":1224,"url":"https:\/\/prochaindefi.com\/wp-content\/uploads\/2020\/01\/7.jpg","type":"image\/jpeg"}],"twitter_card":"summary_large_image","twitter_misc":{"Est. reading time":"4 minutes"},"schema":{"@context":"https:\/\/schema.org","@graph":[{"@type":"WebPage","@id":"https:\/\/prochaindefi.com\/index.php\/blog\/","url":"https:\/\/prochaindefi.com\/index.php\/blog\/","name":"\u00c9quipe(s) - Le Prochain D\u00e9fi","isPartOf":{"@id":"https:\/\/prochaindefi.com\/#website"},"primaryImageOfPage":{"@id":"https:\/\/prochaindefi.com\/index.php\/blog\/#primaryimage"},"image":{"@id":"https:\/\/prochaindefi.com\/index.php\/blog\/#primaryimage"},"thumbnailUrl":"https:\/\/prochaindefi.com\/wp-content\/uploads\/2020\/01\/7.jpg","datePublished":"2020-01-07T21:04:49+00:00","dateModified":"2021-05-11T15:12:34+00:00","breadcrumb":{"@id":"https:\/\/prochaindefi.com\/index.php\/blog\/#breadcrumb"},"inLanguage":"en-US","potentialAction":[{"@type":"ReadAction","target":["https:\/\/prochaindefi.com\/index.php\/blog\/"]}]},{"@type":"ImageObject","inLanguage":"en-US","@id":"https:\/\/prochaindefi.com\/index.php\/blog\/#primaryimage","url":"https:\/\/prochaindefi.com\/wp-content\/uploads\/2020\/01\/7.jpg","contentUrl":"https:\/\/prochaindefi.com\/wp-content\/uploads\/2020\/01\/7.jpg","width":1632,"height":1224},{"@type":"BreadcrumbList","@id":"https:\/\/prochaindefi.com\/index.php\/blog\/#breadcrumb","itemListElement":[{"@type":"ListItem","position":1,"name":"Accueil","item":"https:\/\/prochaindefi.com\/"},{"@type":"ListItem","position":2,"name":"\u00c9quipe(s)"}]},{"@type":"WebSite","@id":"https:\/\/prochaindefi.com\/#website","url":"https:\/\/prochaindefi.com\/","name":"Le Prochain D\u00e9fi","description":"Une aventure sportive et solidaire  in\u00e9dite.","potentialAction":[{"@type":"SearchAction","target":{"@type":"EntryPoint","urlTemplate":"https:\/\/prochaindefi.com\/?s={search_term_string}"},"query-input":{"@type":"PropertyValueSpecification","valueRequired":true,"valueName":"search_term_string"}}],"inLanguage":"en-US"}]}},"jetpack_sharing_enabled":true,"_links":{"self":[{"href":"https:\/\/prochaindefi.com\/index.php\/wp-json\/wp\/v2\/pages\/11","targetHints":{"allow":["GET"]}}],"collection":[{"href":"https:\/\/prochaindefi.com\/index.php\/wp-json\/wp\/v2\/pages"}],"about":[{"href":"https:\/\/prochaindefi.com\/index.php\/wp-json\/wp\/v2\/types\/page"}],"author":[{"embeddable":true,"href":"https:\/\/prochaindefi.com\/index.php\/wp-json\/wp\/v2\/users\/1"}],"replies":[{"embeddable":true,"href":"https:\/\/prochaindefi.com\/index.php\/wp-json\/wp\/v2\/comments?post=11"}],"version-history":[{"count":20,"href":"https:\/\/prochaindefi.com\/index.php\/wp-json\/wp\/v2\/pages\/11\/revisions"}],"predecessor-version":[{"id":480,"href":"https:\/\/prochaindefi.com\/index.php\/wp-json\/wp\/v2\/pages\/11\/revisions\/480"}],"wp:featuredmedia":[{"embeddable":true,"href":"https:\/\/prochaindefi.com\/index.php\/wp-json\/wp\/v2\/media\/181"}],"wp:attachment":[{"href":"https:\/\/prochaindefi.com\/index.php\/wp-json\/wp\/v2\/media?parent=11"}],"curies":[{"name":"wp","href":"https:\/\/api.w.org\/{rel}","templated":true}]}}